{"id":64,"date":"2023-08-04T17:44:36","date_gmt":"2023-08-04T17:44:36","guid":{"rendered":"http:\/\/grupogaleria.com.c25.sitepreviewer.com\/inicio?page_id=64"},"modified":"2025-12-08T15:49:39","modified_gmt":"2025-12-08T21:49:39","slug":"cedis","status":"publish","type":"page","link":"https:\/\/grupogaleria.com\/inicio\/home\/cedis\/","title":{"rendered":"Cedis"},"content":{"rendered":"\t\t<div data-elementor-type=\"wp-page\" data-elementor-id=\"64\" class=\"elementor elementor-64\" data-elementor-post-type=\"page\">\n\t\t\t\t<div class=\"elementor-element elementor-element-a5e088d e-flex e-con-boxed e-con e-parent\" data-id=\"a5e088d\" data-element_type=\"container\" data-settings=\"{&quot;background_background&quot;:&quot;classic&quot;}\">\n\t\t\t\t\t<div class=\"e-con-inner\">\n\t\t<div class=\"elementor-element elementor-element-c358877 e-con-full e-flex e-con e-child\" data-id=\"c358877\" data-element_type=\"container\">\n\t\t\t\t<div class=\"elementor-element elementor-element-e35f5b0 elementor-widget elementor-widget-heading\" data-id=\"e35f5b0\" data-element_type=\"widget\" data-widget_type=\"heading.default\">\n\t\t\t\t<div class=\"elementor-widget-container\">\n\t\t\t<h2 class=\"elementor-heading-title elementor-size-default\">Bienvenidos a<\/h2>\t\t<\/div>\n\t\t\t\t<\/div>\n\t\t\t\t<div class=\"elementor-element elementor-element-1e1a0a7 elementor-widget elementor-widget-heading\" data-id=\"1e1a0a7\" data-element_type=\"widget\" data-widget_type=\"heading.default\">\n\t\t\t\t<div class=\"elementor-widget-container\">\n\t\t\t<h2 class=\"elementor-heading-title elementor-size-default\">CEDIS<span class=\"blue\">.<\/span><\/h2>\t\t<\/div>\n\t\t\t\t<\/div>\n\t\t\t\t<div class=\"elementor-element elementor-element-10c17bd elementor-widget elementor-widget-text-editor\" data-id=\"10c17bd\" data-element_type=\"widget\" data-widget_type=\"text-editor.default\">\n\t\t\t\t<div class=\"elementor-widget-container\">\n\t\t\t\t\t\t\t<p>Nuestra unidad de negocio de CEDIS en Grupo Galer\u00eda optimiza la log\u00edstica con precisi\u00f3n y agilidad en nuestro centro de distribuci\u00f3n y almacenamiento para nuestros clientes<\/p>\t\t\t\t\t\t<\/div>\n\t\t\t\t<\/div>\n\t\t\t\t<\/div>\n\t\t\t\t\t<\/div>\n\t\t\t\t<\/div>\n\t\t<div class=\"elementor-element elementor-element-8b4484f e-flex e-con-boxed e-con e-parent\" data-id=\"8b4484f\" data-element_type=\"container\" data-settings=\"{&quot;background_background&quot;:&quot;classic&quot;}\">\n\t\t\t\t\t<div class=\"e-con-inner\">\n\t\t<div class=\"elementor-element elementor-element-eaa0c30 e-flex e-con-boxed e-con e-child\" data-id=\"eaa0c30\" data-element_type=\"container\">\n\t\t\t\t\t<div class=\"e-con-inner\">\n\t\t<div class=\"elementor-element elementor-element-70d2422 e-con-full e-flex e-con e-child\" data-id=\"70d2422\" data-element_type=\"container\">\n\t\t\t\t<div class=\"elementor-element elementor-element-a307dcc elementor-widget elementor-widget-heading\" data-id=\"a307dcc\" data-element_type=\"widget\" data-widget_type=\"heading.default\">\n\t\t\t\t<div class=\"elementor-widget-container\">\n\t\t\t<h2 class=\"elementor-heading-title elementor-size-default\">Centro de Almacenaje \ny Distribuci\u00f3n<span class=\"black\">.<\/span><\/h2>\t\t<\/div>\n\t\t\t\t<\/div>\n\t\t\t\t<div class=\"elementor-element elementor-element-f08045c elementor-widget elementor-widget-text-editor\" data-id=\"f08045c\" data-element_type=\"widget\" data-widget_type=\"text-editor.default\">\n\t\t\t\t<div class=\"elementor-widget-container\">\n\t\t\t\t\t\t\t<p class=\"\" data-start=\"81\" data-end=\"180\">CEDIS inici\u00f3 en 2003 brindando servicio a 13 sucursales. Actualmente, atendemos a m\u00e1s de 170 sucursales.<\/p><p class=\"\" data-start=\"182\" data-end=\"474\">Nuestros principales clientes son Carl\u2019s Jr., IHOP, BWW, Dunkin&#8217;, Top Golf y Los Ahijados, entre otros, a quienes ofrecemos un manejo cuidadoso de la cadena de fr\u00edo, desde la fabricaci\u00f3n hasta la entrega en cada restaurante. De esta manera, garantizamos la calidad de los alimentos que transportamos.<\/p><p class=\"\" data-start=\"476\" data-end=\"658\">Contamos con una gerencia de log\u00edstica y distribuci\u00f3n, adem\u00e1s de un equipo dedicado a brindar un servicio personalizado y de alta calidad a cada uno de nuestros socios comerciales.<\/p>\t\t\t\t\t\t<\/div>\n\t\t\t\t<\/div>\n\t\t\t\t<\/div>\n\t\t<div class=\"elementor-element elementor-element-9efd299 e-con-full e-flex e-con e-child\" data-id=\"9efd299\" data-element_type=\"container\">\n\t\t\t\t<div class=\"elementor-element elementor-element-05d8e2d elementor-widget elementor-widget-image\" data-id=\"05d8e2d\" data-element_type=\"widget\" data-widget_type=\"image.default\">\n\t\t\t\t<div class=\"elementor-widget-container\">\n\t\t\t\t\t\t\t\t\t\t\t\t\t<img fetchpriority=\"high\" decoding=\"async\" width=\"576\" height=\"384\" src=\"https:\/\/grupogaleria.com\/inicio\/home\/wp-content\/uploads\/2023\/08\/img1_cedis.png\" class=\"attachment-large size-large wp-image-823\" alt=\"\" srcset=\"https:\/\/grupogaleria.com\/inicio\/home\/wp-content\/uploads\/2023\/08\/img1_cedis.png 576w, https:\/\/grupogaleria.com\/inicio\/home\/wp-content\/uploads\/2023\/08\/img1_cedis-300x200.png 300w\" sizes=\"(max-width: 576px) 100vw, 576px\" \/>\t\t\t\t\t\t\t\t\t\t\t\t\t<\/div>\n\t\t\t\t<\/div>\n\t\t\t\t<\/div>\n\t\t\t\t\t<\/div>\n\t\t\t\t<\/div>\n\t\t\t\t\t<\/div>\n\t\t\t\t<\/div>\n\t\t<div class=\"elementor-element elementor-element-9327117 e-flex e-con-boxed e-con e-parent\" data-id=\"9327117\" data-element_type=\"container\" data-settings=\"{&quot;background_background&quot;:&quot;classic&quot;}\">\n\t\t\t\t\t<div class=\"e-con-inner\">\n\t\t\t\t<div class=\"elementor-element elementor-element-f7158cd elementor-widget elementor-widget-heading\" data-id=\"f7158cd\" data-element_type=\"widget\" data-widget_type=\"heading.default\">\n\t\t\t\t<div class=\"elementor-widget-container\">\n\t\t\t<h2 class=\"elementor-heading-title elementor-size-default\">CEDIS<\/h2>\t\t<\/div>\n\t\t\t\t<\/div>\n\t\t\t\t<div class=\"elementor-element elementor-element-eb47d64 elementor-widget elementor-widget-text-editor\" data-id=\"eb47d64\" data-element_type=\"widget\" data-widget_type=\"text-editor.default\">\n\t\t\t\t<div class=\"elementor-widget-container\">\n\t\t\t\t\t\t\tGrupo Galeria\t\t\t\t\t\t<\/div>\n\t\t\t\t<\/div>\n\t\t\t\t<div class=\"elementor-element elementor-element-62f4a9b elementor-widget elementor-widget-text-editor\" data-id=\"62f4a9b\" data-element_type=\"widget\" data-widget_type=\"text-editor.default\">\n\t\t\t\t<div class=\"elementor-widget-container\">\n\t\t\t\t\t\t\t<p class=\"p1\">CEDIS de Junior Foods ubicado en San Nicol\u00e1s de los Garza, Nuevo Le\u00f3n. <br \/>Cubre la compra y distribuci\u00f3n en varias ciudades y estados del pa\u00eds<\/p>\t\t\t\t\t\t<\/div>\n\t\t\t\t<\/div>\n\t\t\t\t<div class=\"elementor-element elementor-element-b3c43d7 elementor-widget elementor-widget-spacer\" data-id=\"b3c43d7\" data-element_type=\"widget\" data-widget_type=\"spacer.default\">\n\t\t\t\t<div class=\"elementor-widget-container\">\n\t\t\t\t\t<div class=\"elementor-spacer\">\n\t\t\t<div class=\"elementor-spacer-inner\"><\/div>\n\t\t<\/div>\n\t\t\t\t<\/div>\n\t\t\t\t<\/div>\n\t\t\t\t<div class=\"elementor-element elementor-element-8e4d8fa elementor-widget elementor-widget-image\" data-id=\"8e4d8fa\" data-element_type=\"widget\" data-widget_type=\"image.default\">\n\t\t\t\t<div class=\"elementor-widget-container\">\n\t\t\t\t\t\t\t\t\t\t\t\t\t<img decoding=\"async\" width=\"800\" height=\"550\" src=\"https:\/\/grupogaleria.com\/inicio\/home\/wp-content\/uploads\/2023\/08\/mapa.cedis_-1024x704.png\" class=\"attachment-large size-large wp-image-213\" alt=\"\" srcset=\"https:\/\/grupogaleria.com\/inicio\/home\/wp-content\/uploads\/2023\/08\/mapa.cedis_-1024x704.png 1024w, https:\/\/grupogaleria.com\/inicio\/home\/wp-content\/uploads\/2023\/08\/mapa.cedis_-300x206.png 300w, https:\/\/grupogaleria.com\/inicio\/home\/wp-content\/uploads\/2023\/08\/mapa.cedis_-768x528.png 768w, https:\/\/grupogaleria.com\/inicio\/home\/wp-content\/uploads\/2023\/08\/mapa.cedis_-1536x1056.png 1536w, https:\/\/grupogaleria.com\/inicio\/home\/wp-content\/uploads\/2023\/08\/mapa.cedis_-2048x1408.png 2048w\" sizes=\"(max-width: 800px) 100vw, 800px\" \/>\t\t\t\t\t\t\t\t\t\t\t\t\t<\/div>\n\t\t\t\t<\/div>\n\t\t\t\t\t<\/div>\n\t\t\t\t<\/div>\n\t\t<div class=\"elementor-element elementor-element-9a50a1c e-flex e-con-boxed e-con e-parent\" data-id=\"9a50a1c\" data-element_type=\"container\">\n\t\t\t\t\t<div class=\"e-con-inner\">\n\t\t<div class=\"elementor-element elementor-element-0d0f2dc e-flex e-con-boxed e-con e-child\" data-id=\"0d0f2dc\" data-element_type=\"container\">\n\t\t\t\t\t<div class=\"e-con-inner\">\n\t\t\t\t<div class=\"elementor-element elementor-element-eab7205 elementor-widget elementor-widget-text-editor\" data-id=\"eab7205\" data-element_type=\"widget\" data-widget_type=\"text-editor.default\">\n\t\t\t\t<div class=\"elementor-widget-container\">\n\t\t\t\t\t\t\tNuestras principales\t\t\t\t\t\t<\/div>\n\t\t\t\t<\/div>\n\t\t\t\t<div class=\"elementor-element elementor-element-1120f90 elementor-widget elementor-widget-heading\" data-id=\"1120f90\" data-element_type=\"widget\" data-widget_type=\"heading.default\">\n\t\t\t\t<div class=\"elementor-widget-container\">\n\t\t\t<h2 class=\"elementor-heading-title elementor-size-default\">Actividades son<span class=\"gray\">:<\/span><\/h2>\t\t<\/div>\n\t\t\t\t<\/div>\n\t\t\t\t<div class=\"elementor-element elementor-element-ab831b8 elementor-widget elementor-widget-text-editor\" data-id=\"ab831b8\" data-element_type=\"widget\" data-widget_type=\"text-editor.default\">\n\t\t\t\t<div class=\"elementor-widget-container\">\n\t\t\t\t\t\t\t<p>Dentro de nuestro cat\u00e1logo de productos manejamos diferentes categor\u00edas, autorizados y aprobados por la operaci\u00f3n y franquicias, dentro de nuestro cat\u00e1logo actualizado inventariado cuenta con 2195 diferentes \u00edtems, de los cuales se dividen en diferentes categor\u00edas las cuales son: <br \/><br \/>\u2022 Prote\u00ednas.<br \/>\u2022 Panes.<br \/>\u2022 Nieves.<br \/>\u2022 Pasteles.<br \/>\u2022 Productos Fritos.<br \/>\u2022 Quesos.<br \/>\u2022 Cremas.<br \/>\u2022 Aderezos.<\/p>\t\t\t\t\t\t<\/div>\n\t\t\t\t<\/div>\n\t\t\t\t\t<\/div>\n\t\t\t\t<\/div>\n\t\t<div class=\"elementor-element elementor-element-a84c342 e-flex e-con-boxed e-con e-child\" data-id=\"a84c342\" data-element_type=\"container\">\n\t\t\t\t\t<div class=\"e-con-inner\">\n\t\t<div class=\"elementor-element elementor-element-dbf2753 e-flex e-con-boxed e-con e-child\" data-id=\"dbf2753\" data-element_type=\"container\">\n\t\t\t\t\t<div class=\"e-con-inner\">\n\t\t<div class=\"elementor-element elementor-element-7135f9c e-con-full e-flex e-con e-child\" data-id=\"7135f9c\" data-element_type=\"container\">\n\t\t\t\t<div class=\"elementor-element elementor-element-1ecb3a0 elementor-position-top elementor-widget elementor-widget-image-box\" data-id=\"1ecb3a0\" data-element_type=\"widget\" data-widget_type=\"image-box.default\">\n\t\t\t\t<div class=\"elementor-widget-container\">\n\t\t\t<div class=\"elementor-image-box-wrapper\"><figure class=\"elementor-image-box-img\"><img decoding=\"async\" width=\"354\" height=\"354\" src=\"https:\/\/grupogaleria.com\/inicio\/home\/wp-content\/uploads\/2023\/08\/icon1.png\" class=\"attachment-full size-full wp-image-203\" alt=\"\" srcset=\"https:\/\/grupogaleria.com\/inicio\/home\/wp-content\/uploads\/2023\/08\/icon1.png 354w, https:\/\/grupogaleria.com\/inicio\/home\/wp-content\/uploads\/2023\/08\/icon1-300x300.png 300w, https:\/\/grupogaleria.com\/inicio\/home\/wp-content\/uploads\/2023\/08\/icon1-150x150.png 150w\" sizes=\"(max-width: 354px) 100vw, 354px\" \/><\/figure><div class=\"elementor-image-box-content\"><p class=\"elementor-image-box-description\">Compra e importaci\u00f3n de productos internacionales<\/p><\/div><\/div>\t\t<\/div>\n\t\t\t\t<\/div>\n\t\t\t\t<\/div>\n\t\t<div class=\"elementor-element elementor-element-ec5d40c e-con-full e-flex e-con e-child\" data-id=\"ec5d40c\" data-element_type=\"container\">\n\t\t\t\t<div class=\"elementor-element elementor-element-907501c elementor-position-top elementor-widget elementor-widget-image-box\" data-id=\"907501c\" data-element_type=\"widget\" data-widget_type=\"image-box.default\">\n\t\t\t\t<div class=\"elementor-widget-container\">\n\t\t\t<div class=\"elementor-image-box-wrapper\"><figure class=\"elementor-image-box-img\"><img loading=\"lazy\" decoding=\"async\" width=\"354\" height=\"354\" src=\"https:\/\/grupogaleria.com\/inicio\/home\/wp-content\/uploads\/2023\/08\/icon2.png\" class=\"attachment-full size-full wp-image-205\" alt=\"\" srcset=\"https:\/\/grupogaleria.com\/inicio\/home\/wp-content\/uploads\/2023\/08\/icon2.png 354w, https:\/\/grupogaleria.com\/inicio\/home\/wp-content\/uploads\/2023\/08\/icon2-300x300.png 300w, https:\/\/grupogaleria.com\/inicio\/home\/wp-content\/uploads\/2023\/08\/icon2-150x150.png 150w\" sizes=\"(max-width: 354px) 100vw, 354px\" \/><\/figure><div class=\"elementor-image-box-content\"><p class=\"elementor-image-box-description\">Compra de productos nacionales<\/p><\/div><\/div>\t\t<\/div>\n\t\t\t\t<\/div>\n\t\t\t\t<\/div>\n\t\t\t\t\t<\/div>\n\t\t\t\t<\/div>\n\t\t<div class=\"elementor-element elementor-element-6ec1dcf e-flex e-con-boxed e-con e-child\" data-id=\"6ec1dcf\" data-element_type=\"container\">\n\t\t\t\t\t<div class=\"e-con-inner\">\n\t\t<div class=\"elementor-element elementor-element-f6c1bac e-con-full e-flex e-con e-child\" data-id=\"f6c1bac\" data-element_type=\"container\">\n\t\t\t\t<div class=\"elementor-element elementor-element-6e5041d elementor-position-top elementor-widget elementor-widget-image-box\" data-id=\"6e5041d\" data-element_type=\"widget\" data-widget_type=\"image-box.default\">\n\t\t\t\t<div class=\"elementor-widget-container\">\n\t\t\t<div class=\"elementor-image-box-wrapper\"><figure class=\"elementor-image-box-img\"><img loading=\"lazy\" decoding=\"async\" width=\"354\" height=\"354\" src=\"https:\/\/grupogaleria.com\/inicio\/home\/wp-content\/uploads\/2023\/08\/icon3.png\" class=\"attachment-full size-full wp-image-207\" alt=\"\" srcset=\"https:\/\/grupogaleria.com\/inicio\/home\/wp-content\/uploads\/2023\/08\/icon3.png 354w, https:\/\/grupogaleria.com\/inicio\/home\/wp-content\/uploads\/2023\/08\/icon3-300x300.png 300w, https:\/\/grupogaleria.com\/inicio\/home\/wp-content\/uploads\/2023\/08\/icon3-150x150.png 150w\" sizes=\"(max-width: 354px) 100vw, 354px\" \/><\/figure><div class=\"elementor-image-box-content\"><p class=\"elementor-image-box-description\">B\u00fasqueda de mejores costos, calidad de proveedores nacionales.<\/p><\/div><\/div>\t\t<\/div>\n\t\t\t\t<\/div>\n\t\t\t\t<\/div>\n\t\t<div class=\"elementor-element elementor-element-932ae41 e-con-full e-flex e-con e-child\" data-id=\"932ae41\" data-element_type=\"container\">\n\t\t\t\t<div class=\"elementor-element elementor-element-9853443 elementor-position-top elementor-widget elementor-widget-image-box\" data-id=\"9853443\" data-element_type=\"widget\" data-widget_type=\"image-box.default\">\n\t\t\t\t<div class=\"elementor-widget-container\">\n\t\t\t<div class=\"elementor-image-box-wrapper\"><figure class=\"elementor-image-box-img\"><img loading=\"lazy\" decoding=\"async\" width=\"354\" height=\"354\" src=\"https:\/\/grupogaleria.com\/inicio\/home\/wp-content\/uploads\/2023\/08\/icon4.png\" class=\"attachment-full size-full wp-image-209\" alt=\"\" srcset=\"https:\/\/grupogaleria.com\/inicio\/home\/wp-content\/uploads\/2023\/08\/icon4.png 354w, https:\/\/grupogaleria.com\/inicio\/home\/wp-content\/uploads\/2023\/08\/icon4-300x300.png 300w, https:\/\/grupogaleria.com\/inicio\/home\/wp-content\/uploads\/2023\/08\/icon4-150x150.png 150w\" sizes=\"(max-width: 354px) 100vw, 354px\" \/><\/figure><div class=\"elementor-image-box-content\"><p class=\"elementor-image-box-description\">Apoyo para certificaci\u00f3n de proveedores, para las diferentes franquicias<\/p><\/div><\/div>\t\t<\/div>\n\t\t\t\t<\/div>\n\t\t\t\t<\/div>\n\t\t\t\t\t<\/div>\n\t\t\t\t<\/div>\n\t\t\t\t\t<\/div>\n\t\t\t\t<\/div>\n\t\t\t\t\t<\/div>\n\t\t\t\t<\/div>\n\t\t<div class=\"elementor-element elementor-element-06b8e74 e-flex e-con-boxed e-con e-parent\" data-id=\"06b8e74\" data-element_type=\"container\">\n\t\t\t\t\t<div class=\"e-con-inner\">\n\t\t<div class=\"elementor-element elementor-element-2879ecb e-flex e-con-boxed e-con e-child\" data-id=\"2879ecb\" data-element_type=\"container\" data-settings=\"{&quot;background_background&quot;:&quot;classic&quot;}\">\n\t\t\t\t\t<div class=\"e-con-inner\">\n\t\t\t\t<div class=\"elementor-element elementor-element-29e20fb elementor-widget elementor-widget-text-editor\" data-id=\"29e20fb\" data-element_type=\"widget\" data-widget_type=\"text-editor.default\">\n\t\t\t\t<div class=\"elementor-widget-container\">\n\t\t\t\t\t\t\tCEDIS se ha destacado por lograr un servicio personalizado, con soluciones r\u00e1pidas a las necesidades de la operaci\u00f3n de las diferentes franquicias, logrando un 88% de su efectividad, certificaci\u00f3n de proveedores a nivel nacional, hemos apoyado enviando refacciones a Chile, Espa\u00f1a, Ecuador y Panam\u00e1, actualmente CEDIS realiza m\u00e1s de 980 entregas mensuales.\t\t\t\t\t\t<\/div>\n\t\t\t\t<\/div>\n\t\t\t\t\t<\/div>\n\t\t\t\t<\/div>\n\t\t\t\t\t<\/div>\n\t\t\t\t<\/div>\n\t\t\t\t<\/div>\n\t\t","protected":false},"excerpt":{"rendered":"<p>Bienvenidos a CEDIS. Nuestra unidad de negocio de CEDIS en Grupo Galer\u00eda optimiza la log\u00edstica con precisi\u00f3n y agilidad en nuestro centro de distribuci\u00f3n y almacenamiento para nuestros clientes Centro de Almacenaje y Distribuci\u00f3n. CEDIS inici\u00f3 en 2003 brindando servicio a 13 sucursales. Actualmente, atendemos a m\u00e1s de 170 sucursales. Nuestros principales clientes son Carl\u2019s [&hellip;]<\/p>\n","protected":false},"author":1,"featured_media":0,"parent":0,"menu_order":0,"comment_status":"closed","ping_status":"closed","template":"","meta":{"footnotes":""},"class_list":["post-64","page","type-page","status-publish","hentry"],"_links":{"self":[{"href":"https:\/\/grupogaleria.com\/inicio\/home\/wp-json\/wp\/v2\/pages\/64","targetHints":{"allow":["GET"]}}],"collection":[{"href":"https:\/\/grupogaleria.com\/inicio\/home\/wp-json\/wp\/v2\/pages"}],"about":[{"href":"https:\/\/grupogaleria.com\/inicio\/home\/wp-json\/wp\/v2\/types\/page"}],"author":[{"embeddable":true,"href":"https:\/\/grupogaleria.com\/inicio\/home\/wp-json\/wp\/v2\/users\/1"}],"replies":[{"embeddable":true,"href":"https:\/\/grupogaleria.com\/inicio\/home\/wp-json\/wp\/v2\/comments?post=64"}],"version-history":[{"count":15,"href":"https:\/\/grupogaleria.com\/inicio\/home\/wp-json\/wp\/v2\/pages\/64\/revisions"}],"predecessor-version":[{"id":2696,"href":"https:\/\/grupogaleria.com\/inicio\/home\/wp-json\/wp\/v2\/pages\/64\/revisions\/2696"}],"wp:attachment":[{"href":"https:\/\/grupogaleria.com\/inicio\/home\/wp-json\/wp\/v2\/media?parent=64"}],"curies":[{"name":"wp","href":"https:\/\/api.w.org\/{rel}","templated":true}]}}